{"id":345,"date":"2025-01-13T18:48:48","date_gmt":"2025-01-13T17:48:48","guid":{"rendered":"https:\/\/www.aurignac.fr\/aurignac-developpement\/?page_id=345"},"modified":"2025-06-20T11:06:39","modified_gmt":"2025-06-20T09:06:39","slug":"actualites","status":"publish","type":"page","link":"https:\/\/www.aurignac.fr\/aurignac-developpement\/actualites\/","title":{"rendered":"Actualit\u00e9s"},"content":{"rendered":"\n<p class=\"has-medium-font-size\"><strong>R\u00e9union du mercredi 7 mai 2025.<\/strong><\/p>\n\n\n\n<p class=\"has-medium-font-size\">Re\u00e7us \u00e0 Aulon par son maire Jean-Luc Durroux, nous avons \u00e9voqu\u00e9 avec le directeur du PNR Philippe Terrancle les diff\u00e9rentes questions soulev\u00e9es par la cr\u00e9ation du Parc Naturel R\u00e9gional Comminges Barousse Pyr\u00e9n\u00e9es.<\/p>\n\n\n\n<p class=\"has-medium-font-size\">Urbanisme, agriculture, d\u00e9veloppement rural, activit\u00e9 \u00e9conomique, projets environnementalement vertueux, Philippe Terrancle a montr\u00e9 sur tous ces sujets un enthousiasme communicatif.<\/p>\n\n\n\n<p><\/p>\n\n\n\n<p class=\"has-medium-font-size\"><strong>R\u00e9union du lundi 2 juin 2025<\/strong><\/p>\n\n\n\n<p class=\"has-medium-font-size\">Lundi 2 juin le Saint-Laurans nous accueillait pour un premier bilan presque 5 mois apr\u00e8s sa r\u00e9ouverture. Elisa et Lionel ont \u00e9voqu\u00e9 leur plaisir d\u2019avoir redonn\u00e9 vie \u00e0 cet \u00e9tablissement ch\u00e9ri par les habitants et d\u2019avoir replac\u00e9 Aurignac sur la carte d\u2019une restauration et d\u2019une h\u00f4tellerie de qualit\u00e9.<\/p>\n\n\n\n<p class=\"has-medium-font-size\">Ce fut aussi l\u2019occasion de rencontrer Emmanuelle Gr\u00e8s, elle aussi r\u00e9cemment arriv\u00e9e au poste de directrice de l\u2019Office de Tourisme Destination Comminges Pyr\u00e9n\u00e9es. Avec les acteurs locaux du tourisme une conversation nourrie s\u2019est engag\u00e9e sur les enjeux et perspectives en ce d\u00e9but de saison 2025.<\/p>\n","protected":false},"excerpt":{"rendered":"<p>R\u00e9union du mercredi 7 mai 2025. Re\u00e7us \u00e0 Aulon par son maire Jean-Luc Durroux, nous avons \u00e9voqu\u00e9 avec le directeur du PNR Philippe Terrancle les diff\u00e9rentes questions soulev\u00e9es par la cr\u00e9ation du Parc Naturel R\u00e9gional Comminges Barousse Pyr\u00e9n\u00e9es. Urbanisme, agriculture, d\u00e9veloppement rural, activit\u00e9 \u00e9conomique, projets environnementalement vertueux, Philippe Terrancle a montr\u00e9 sur tous ces sujets [&hellip;]<\/p>\n","protected":false},"author":7,"featured_media":0,"parent":0,"menu_order":0,"comment_status":"closed","ping_status":"closed","template":"","meta":{"footnotes":""},"class_list":["post-345","page","type-page","status-publish","hentry","entry"],"_links":{"self":[{"href":"https:\/\/www.aurignac.fr\/aurignac-developpement\/wp-json\/wp\/v2\/pages\/345","targetHints":{"allow":["GET"]}}],"collection":[{"href":"https:\/\/www.aurignac.fr\/aurignac-developpement\/wp-json\/wp\/v2\/pages"}],"about":[{"href":"https:\/\/www.aurignac.fr\/aurignac-developpement\/wp-json\/wp\/v2\/types\/page"}],"author":[{"embeddable":true,"href":"https:\/\/www.aurignac.fr\/aurignac-developpement\/wp-json\/wp\/v2\/users\/7"}],"replies":[{"embeddable":true,"href":"https:\/\/www.aurignac.fr\/aurignac-developpement\/wp-json\/wp\/v2\/comments?post=345"}],"version-history":[{"count":3,"href":"https:\/\/www.aurignac.fr\/aurignac-developpement\/wp-json\/wp\/v2\/pages\/345\/revisions"}],"predecessor-version":[{"id":368,"href":"https:\/\/www.aurignac.fr\/aurignac-developpement\/wp-json\/wp\/v2\/pages\/345\/revisions\/368"}],"wp:attachment":[{"href":"https:\/\/www.aurignac.fr\/aurignac-developpement\/wp-json\/wp\/v2\/media?parent=345"}],"curies":[{"name":"wp","href":"https:\/\/api.w.org\/{rel}","templated":true}]}}