{"id":2,"date":"2022-11-13T17:39:00","date_gmt":"2022-11-13T16:39:00","guid":{"rendered":"https:\/\/www.aurignac.fr\/test-developpement\/?page_id=2"},"modified":"2025-06-20T10:49:45","modified_gmt":"2025-06-20T08:49:45","slug":"page-d-exemple","status":"publish","type":"page","link":"https:\/\/www.aurignac.fr\/aurignac-developpement\/","title":{"rendered":"Accueil"},"content":{"rendered":"\n<p><strong>Dans  l\u2019onglet Actualit\u00e9s, retrouvez un r\u00e9sum\u00e9 des r\u00e9unions mensuelles pr\u00e9c\u00e9dentes<\/strong><\/p>\n\n\n\n<p class=\"has-medium-font-size\"><strong>R\u00e9seau d\u2019Initiatives Economiques des Terres d\u2019Aurignac<\/strong>,<\/p>\n\n\n\n<p>Notre association, au fil de ces pages,&nbsp;vous propose:&nbsp;<\/p>\n\n\n\n<ul class=\"wp-block-list\">\n<li>de d\u00e9couvrir les acteurs pr\u00e9sents sur notre territoire\u00a0;\u00a0<\/li>\n\n\n\n<li>d\u2019en observer la diversit\u00e9, le poids, les succ\u00e8s mais aussi les difficult\u00e9s<\/li>\n\n\n\n<li>d\u2019en appr\u00e9cier le dynamisme et la richesse humaine \u00e0 l\u2019\u0153uvre.<\/li>\n<\/ul>\n\n\n\n<p>Nos objectifs sont notamment&nbsp;:<\/p>\n\n\n\n<ul class=\"wp-block-list\">\n<li>de d\u00e9velopper les liens et les collaborations fertiles entre eux\u00a0;<\/li>\n\n\n\n<li>de faire conna\u00eetre les sp\u00e9cificit\u00e9s, les atouts et l\u2019attractivit\u00e9 des Terres d\u2019Aurignac\u00a0;\u00a0<\/li>\n\n\n\n<li>de concourir \u00e0 leur d\u00e9veloppement qualitatif.<\/li>\n<\/ul>\n\n\n\n<p>Rejoignez-nous&nbsp;!<\/p>\n\n\n\n<p class=\"has-medium-font-size\">Contact&nbsp;: <a href=\"mailto:aurignacdeveloppement@gmail.com\">aurignacdeveloppement@gmail.com<\/a>&nbsp;<\/p>\n\n\n\n<figure class=\"wp-block-image size-full\"><img loading=\"lazy\" decoding=\"async\" width=\"421\" height=\"595\" src=\"https:\/\/www.aurignac.fr\/aurignac-developpement\/wp-content\/uploads\/sites\/2\/2025\/04\/2024-Aur-Dev-Flyer-pour-le-net.jpg\" alt=\"\" class=\"wp-image-357\" srcset=\"https:\/\/www.aurignac.fr\/aurignac-developpement\/wp-content\/uploads\/sites\/2\/2025\/04\/2024-Aur-Dev-Flyer-pour-le-net.jpg 421w, https:\/\/www.aurignac.fr\/aurignac-developpement\/wp-content\/uploads\/sites\/2\/2025\/04\/2024-Aur-Dev-Flyer-pour-le-net-212x300.jpg 212w\" sizes=\"auto, (max-width: 421px) 100vw, 421px\" \/><\/figure>\n\n\n\n<p><\/p>\n","protected":false},"excerpt":{"rendered":"<p>Dans l\u2019onglet Actualit\u00e9s, retrouvez un r\u00e9sum\u00e9 des r\u00e9unions mensuelles pr\u00e9c\u00e9dentes R\u00e9seau d\u2019Initiatives Economiques des Terres d\u2019Aurignac, Notre association, au fil de ces pages,&nbsp;vous propose:&nbsp; Nos objectifs sont notamment&nbsp;: Rejoignez-nous&nbsp;! Contact&nbsp;: aurignacdeveloppement@gmail.com&nbsp;<\/p>\n","protected":false},"author":1,"featured_media":0,"parent":0,"menu_order":0,"comment_status":"closed","ping_status":"open","template":"","meta":{"footnotes":""},"class_list":["post-2","page","type-page","status-publish","hentry","entry"],"_links":{"self":[{"href":"https:\/\/www.aurignac.fr\/aurignac-developpement\/wp-json\/wp\/v2\/pages\/2","targetHints":{"allow":["GET"]}}],"collection":[{"href":"https:\/\/www.aurignac.fr\/aurignac-developpement\/wp-json\/wp\/v2\/pages"}],"about":[{"href":"https:\/\/www.aurignac.fr\/aurignac-developpement\/wp-json\/wp\/v2\/types\/page"}],"author":[{"embeddable":true,"href":"https:\/\/www.aurignac.fr\/aurignac-developpement\/wp-json\/wp\/v2\/users\/1"}],"replies":[{"embeddable":true,"href":"https:\/\/www.aurignac.fr\/aurignac-developpement\/wp-json\/wp\/v2\/comments?post=2"}],"version-history":[{"count":10,"href":"https:\/\/www.aurignac.fr\/aurignac-developpement\/wp-json\/wp\/v2\/pages\/2\/revisions"}],"predecessor-version":[{"id":363,"href":"https:\/\/www.aurignac.fr\/aurignac-developpement\/wp-json\/wp\/v2\/pages\/2\/revisions\/363"}],"wp:attachment":[{"href":"https:\/\/www.aurignac.fr\/aurignac-developpement\/wp-json\/wp\/v2\/media?parent=2"}],"curies":[{"name":"wp","href":"https:\/\/api.w.org\/{rel}","templated":true}]}}